{"id":1944,"date":"2017-11-03T05:49:35","date_gmt":"2017-11-03T02:49:35","guid":{"rendered":"http:\/\/192.168.0.100\/grassy\/?page_id=1944"},"modified":"2022-01-16T17:14:05","modified_gmt":"2022-01-16T14:14:05","slug":"hakkimizda","status":"publish","type":"page","link":"https:\/\/grteknik.com\/?page_id=1944","title":{"rendered":"Hakk\u0131m\u0131zda"},"content":{"rendered":"<p>[vc_row full_width=&#8221;stretch_row&#8221; css=&#8221;.vc_custom_1515065251475{padding-top: 65px !important;padding-bottom: 65px !important;background-color: #f9f9f9 !important;}&#8221; el_id=&#8221;rs-about&#8221; el_class=&#8221;rs-about&#8221;][vc_column width=&#8221;5\/12&#8243;][vc_single_image image=&#8221;2071&#8243; img_size=&#8221;full&#8221;][\/vc_column][vc_column width=&#8221;7\/12&#8243; css=&#8221;.vc_custom_1510139637609{padding-left: 30px !important;}&#8221;]\r\n        <div class=\"sec-title  \">         \r\n            <h4 style=\"color:\">HAKKIMIZDA<\/h4>             \r\n            <h3 style=\"color:\"><\/h3>        \r\n        <\/div>[vc_column_text css=&#8221;.vc_custom_1642239178743{padding-top: 35px !important;}&#8221;]<strong>GreenTeknik Kuma\u015f\u00e7\u0131l\u0131k A.\u015e.<\/strong> \u00f6rme kuma\u015f \u00fcretip satan bir firmad\u0131r. Her \u00e7e\u015fit \u00f6rme kuma\u015f \u00fcretimi mevcuttur. \u00d6zellikle S\u00fcprem, \u0130nterlog, Doble Face, Ka\u015fkorse, Ribana ve her t\u00fcrl\u00fc Jakarl\u0131, Ringelli kuma\u015flar ile \u00dc\u00e7iplik, \u0130kiiplik, Puntal\u0131 kal\u0131n fine kuma\u015flar, Havlu ve Kadife \u00fcretmekteyiz. Bu \u00f6rd\u00fc\u011f\u00fcm\u00fcz kuma\u015flar\u0131 \u00fclkemizin en iyi boyahanelerinde boya ve terbiye i\u015flemlerini yapt\u0131r\u0131p m\u00fc\u015fterilerimize servis etmekteyiz. Her \u00e7e\u015fit ipliklerle birlikte Organic pamuk, Recyle ipliklerde kullanmaktay\u0131z.<\/p>\n<p>Firmam\u0131z\u0131n Organic, Recyle, BCI ve \u0130nditex (trader) sertifikalar\u0131 vard\u0131r.<\/p>\n<p>Merkez adresimizde bulunan showroomda \u00fcretmi\u015f oldu\u011fumuz veya arge olarak haz\u0131rlad\u0131\u011f\u0131m\u0131z kuma\u015f kartelalar\u0131 te\u015fhir edilmektedir.<\/p>\n<p>\u00dcretimlerimizde, i\u015f\u00e7i sa\u011fl\u0131\u011f\u0131, i\u015f g\u00fcvenli\u011fi ve \u00e7evre etkilerine azami \u00f6zen g\u00f6stermekteyiz.[\/vc_column_text][\/vc_column][\/vc_row][vc_row full_width=&#8221;stretch_row&#8221; css=&#8221;.vc_custom_1515065259248{padding-top: 65px !important;padding-bottom: 65px !important;}&#8221; el_class=&#8221;rs-about&#8221;][vc_column][vc_row_inner][vc_column_inner width=&#8221;1\/2&#8243;]\r\n        <div class=\"sec-title  \">         \r\n            <h4 style=\"color:\">\u00dcR\u00dcNLER\u0130M\u0130Z<\/h4>             \r\n            <h3 style=\"color:\"><\/h3>        \r\n        <\/div>[vc_column_text css=&#8221;.vc_custom_1642239073278{padding-top: 10px !important;}&#8221;]S\u00fcpem, \u0130nterlog, Doble Face, Ka\u015fkorse, Ribana, Jakarl\u0131, Ringelli kuma\u015flar ile \u00dc\u00e7iplik, \u0130kiiplik, Puntal\u0131 kal\u0131n fine kuma\u015flar, Havlu ve Kadife<\/p>\n<p>Bu \u00fcr\u00fcnleri ba\u015fta LCW olmak \u00fczere Zara, H&amp;M, Primark, Marks &amp;Spencer, Defacto, New look, George standartlar\u0131nda \u00fcretmekteyiz.<\/p>\n<p>\u00dcr\u00fcnlerimizi yurti\u00e7ine satmakla birlikte \u0130ngiltere, Almanya ve Yunanistan\u2019a da ihra\u00e7 etmekteyiz.[\/vc_column_text][\/vc_column_inner][vc_column_inner width=&#8221;1\/2&#8243;][vc_single_image image=&#8221;3385&#8243; img_size=&#8221;full&#8221;][\/vc_column_inner][\/vc_row_inner][\/vc_column][\/vc_row][vc_row full_width=&#8221;stretch_row&#8221; el_id=&#8221;rs-cta&#8221; el_class=&#8221;rs-cta&#8221; css=&#8221;.vc_custom_1515064461471{padding-top: 58px !important;padding-bottom: 35px !important;}&#8221;][vc_column width=&#8221;2\/3&#8243;][vc_custom_heading text=&#8221;\u0130\u015finizi Hemen \u015eimdi M\u00fckemmelle\u015ftirin !&#8221; font_container=&#8221;tag:h2|font_size:36px|text_align:left|color:%23ffffff&#8221; google_fonts=&#8221;font_family:Open%20Sans%3A300%2C300italic%2Cregular%2Citalic%2C600%2C600italic%2C700%2C700italic%2C800%2C800italic|font_style:400%20regular%3A400%3Anormal&#8221; css=&#8221;.vc_custom_1642239294380{margin-top: 0px !important;margin-bottom: 0px !important;padding-top: 10px !important;padding-bottom: 0px !important;}&#8221;][\/vc_column][vc_column width=&#8221;1\/3&#8243;][vc_btn title=&#8221;TEKL\u0130F \u0130STE&#8221; style=&#8221;outline-custom&#8221; outline_custom_color=&#8221;#ffffff&#8221; outline_custom_hover_background=&#8221;#ffffff&#8221; outline_custom_hover_text=&#8221;#4caf50&#8243; shape=&#8221;square&#8221; align=&#8221;right&#8221; link=&#8221;url:%23||&#8221;][\/vc_column][\/vc_row][vc_row css=&#8221;.vc_custom_1511346414990{padding-top: 100px !important;padding-bottom: 75px !important;}&#8221; el_id=&#8221;rs-team&#8221; el_class=&#8221;rs-team&#8221;][vc_column width=&#8221;1\/4&#8243; css=&#8221;.vc_custom_1514983764627{padding-top: 35px !important;}&#8221;]\r\n        <div class=\"sec-title  \">         \r\n            <h4 style=\"color:\">GREEN TEKN\u0130K KUMA\u015e\u00c7ILIK<\/h4>             \r\n            <h3 style=\"color:\">Profesyonel Ekibimiz<\/h3>        \r\n        <\/div>[vc_column_text]\u0130le birlikte sizlere iyi \u00fcr\u00fcnler \u00fcretmeye devam ediyor ve bundan mutluluk duyuyoruz.[\/vc_column_text][\/vc_column][vc_column width=&#8221;3\/4&#8243;]<div class=\"rs-team\"><div class=\"team-gird\"><div class=\"team-item col-md-4 col-sm-6 col-xs-12 team-style2\">\n\t\t\t<div class=\"inner\">\n\t\t\t<div class=\"team-img\"> <img decoding=\"async\" src=\"https:\/\/grteknik.com\/wp-content\/uploads\/2017\/11\/ekip.jpg\" alt=\"Ad\u0131 Soyad\u0131\" \/>\n\t\t\t  \t\n\t\t\t<\/div>\n\t\t\t<div class=\"team-content\">\n\t\t\t  <div class=\"display-table\">\n\t\t\t\t<div class=\"display-table-cell\">\n\t\t\t\t  <h3 class=\"team-name\"><a href=\"https:\/\/grteknik.com\/?teams=adi-soyadi\">Ad\u0131 Soyad\u0131<\/a><\/h3>\n\t\t\t\t  <span class=\"team-title\">Y\u00f6netici<\/span>\n\t\t\t\t  <div class=\"team-social\">\t\t\t\t  \n\t\t\t\t  \t  <a href=\"#\" class=\"social-icon\"><i class=\"fa fa-facebook\"><\/i><\/a> \n\t\t\t\t\t  <a href=\"#\" class=\"social-icon\"><i class=\"fa fa-google-plus\"><\/i><\/a> \n\t\t\t\t\t  <a href=\"#\" class=\"social-icon\"><i class=\"fa fa-twitter\"><\/i><\/a>\n\t\t\t\t\t  <a href=\"#\" class=\"social-icon\"><i class=\"fa fa linkedin\"><\/i><\/a>\t\t\t\n\t\t\t  \t  <\/div>\n\t\t\t\t  <p class=\"team-desc\"><\/p>\n\t\t\t\t<\/div>\n\t\t\t  <\/div>\n\t\t\t<\/div>\n\t\t\t<\/div>\n\t\t  <\/div>\t\t\n\t\t<div class=\"team-item col-md-4 col-sm-6 col-xs-12 team-style2\">\n\t\t\t<div class=\"inner\">\n\t\t\t<div class=\"team-img\"> <img decoding=\"async\" src=\"https:\/\/grteknik.com\/wp-content\/uploads\/2017\/11\/ekip.jpg\" alt=\"Ad\u0131 Soyad\u0131\" \/>\n\t\t\t  \t\n\t\t\t<\/div>\n\t\t\t<div class=\"team-content\">\n\t\t\t  <div class=\"display-table\">\n\t\t\t\t<div class=\"display-table-cell\">\n\t\t\t\t  <h3 class=\"team-name\"><a href=\"https:\/\/grteknik.com\/?teams=adi-soyadi-2\">Ad\u0131 Soyad\u0131<\/a><\/h3>\n\t\t\t\t  <span class=\"team-title\">Sat\u0131\u015f ve Pazarlama<\/span>\n\t\t\t\t  <div class=\"team-social\">\t\t\t\t  \n\t\t\t\t  \t  <a href=\"#\" class=\"social-icon\"><i class=\"fa fa-facebook\"><\/i><\/a> \n\t\t\t\t\t  <a href=\"#\" class=\"social-icon\"><i class=\"fa fa-google-plus\"><\/i><\/a> \n\t\t\t\t\t  <a href=\"#\" class=\"social-icon\"><i class=\"fa fa-twitter\"><\/i><\/a>\n\t\t\t\t\t  <a href=\"#\" class=\"social-icon\"><i class=\"fa fa linkedin\"><\/i><\/a>\t\t\t\n\t\t\t  \t  <\/div>\n\t\t\t\t  <p class=\"team-desc\"><\/p>\n\t\t\t\t<\/div>\n\t\t\t  <\/div>\n\t\t\t<\/div>\n\t\t\t<\/div>\n\t\t  <\/div>\t\t\n\t\t<div class=\"team-item col-md-4 col-sm-6 col-xs-12 team-style2\">\n\t\t\t<div class=\"inner\">\n\t\t\t<div class=\"team-img\"> <img decoding=\"async\" src=\"https:\/\/grteknik.com\/wp-content\/uploads\/2017\/11\/ekip.jpg\" alt=\"Ad\u0131 Soyad\u0131\" \/>\n\t\t\t  \t\n\t\t\t<\/div>\n\t\t\t<div class=\"team-content\">\n\t\t\t  <div class=\"display-table\">\n\t\t\t\t<div class=\"display-table-cell\">\n\t\t\t\t  <h3 class=\"team-name\"><a href=\"https:\/\/grteknik.com\/?teams=adi-soyadi-3\">Ad\u0131 Soyad\u0131<\/a><\/h3>\n\t\t\t\t  <span class=\"team-title\">Lojistik<\/span>\n\t\t\t\t  <div class=\"team-social\">\t\t\t\t  \n\t\t\t\t  \t  <a href=\"#\" class=\"social-icon\"><i class=\"fa fa-facebook\"><\/i><\/a> \n\t\t\t\t\t  <a href=\"#\" class=\"social-icon\"><i class=\"fa fa-google-plus\"><\/i><\/a> \n\t\t\t\t\t  <a href=\"#\" class=\"social-icon\"><i class=\"fa fa-twitter\"><\/i><\/a>\n\t\t\t\t\t  <a href=\"#\" class=\"social-icon\"><i class=\"fa fa linkedin\"><\/i><\/a>\t\t\t\n\t\t\t  \t  <\/div>\n\t\t\t\t  <p class=\"team-desc\"><\/p>\n\t\t\t\t<\/div>\n\t\t\t  <\/div>\n\t\t\t<\/div>\n\t\t\t<\/div>\n\t\t  <\/div>\t\t\n\t\t<\/div><\/div>[\/vc_column][\/vc_row][vc_row full_width=&#8221;stretch_row&#8221; css=&#8221;.vc_custom_1511346575687{padding-top: 55px !important;padding-bottom: 100px !important;background-color: #f9f9f9 !important;}&#8221;][vc_column]\r\n        <div class=\"sec-title  \">         \r\n            <h4 style=\"color:\">YORUMLAR<\/h4>             \r\n            <h3 style=\"color:\">M\u00fc\u015fterimiz Ne Diyor ?<\/h3>        \r\n        <\/div><div id=\"rs-testimonial\" class=\"rs-testimonial\">\r\n\t    <div class=\"container\">                \r\n\t\t<div class=\"testi-carousel row\"><div class=\"testi-item col-md-4\">\r\n\t\t\t<a data-toggle=\"tab\" href=\"#tab1\">\r\n\t\t\t\t<div class=\"testi-img\">\r\n\t\t\t\t\t<img decoding=\"async\" src=\"https:\/\/grteknik.com\/wp-content\/uploads\/2017\/11\/ekip.jpg\" alt=\"Client Image\">\r\n\t\t\t\t<\/div>\r\n\t\t\t\t<h3 class=\"testi-name\">Ad\u0131 ve Soyad\u0131<\/h3>\r\n\t\t\t\t<span class=\"testi-title\">Green Teknik<\/span>\r\n\t\t\t<\/a><div class=\"tab-pane tab-text animated flipInX in \">\r\n\t\t\t<div class=\"testi-content\">\r\n\t\t\t  <p> Siz de\u011ferli m\u00fc\u015fterilerimiz de\u011ferli yorumlar\u0131n\u0131 \u00e7ok yak\u0131nda burada di\u011fer m\u00fc\u015fterilerimiz ile payla\u015faca\u011f\u0131z.<\/p>\r\n\t\t\t<\/div>\r\n\t\t<\/div><\/div><div class=\"testi-item col-md-4\">\r\n\t\t\t<a data-toggle=\"tab\" href=\"#tab2\">\r\n\t\t\t\t<div class=\"testi-img\">\r\n\t\t\t\t\t<img decoding=\"async\" src=\"https:\/\/grteknik.com\/wp-content\/uploads\/2017\/11\/ekip.jpg\" alt=\"Client Image\">\r\n\t\t\t\t<\/div>\r\n\t\t\t\t<h3 class=\"testi-name\">Ad\u0131 ve Soyad\u0131<\/h3>\r\n\t\t\t\t<span class=\"testi-title\">Green Teknik<\/span>\r\n\t\t\t<\/a><div class=\"tab-pane tab-text animated flipInX in \">\r\n\t\t\t<div class=\"testi-content\">\r\n\t\t\t  <p> Siz de\u011ferli m\u00fc\u015fterilerimiz de\u011ferli yorumlar\u0131n\u0131 \u00e7ok yak\u0131nda burada di\u011fer m\u00fc\u015fterilerimiz ile payla\u015faca\u011f\u0131z.<\/p>\r\n\t\t\t<\/div>\r\n\t\t<\/div><\/div><div class=\"testi-item col-md-4\">\r\n\t\t\t<a data-toggle=\"tab\" href=\"#tab3\">\r\n\t\t\t\t<div class=\"testi-img\">\r\n\t\t\t\t\t<img decoding=\"async\" src=\"https:\/\/grteknik.com\/wp-content\/uploads\/2017\/11\/ekip.jpg\" alt=\"Client Image\">\r\n\t\t\t\t<\/div>\r\n\t\t\t\t<h3 class=\"testi-name\">Ad\u0131 ve Soyad\u0131<\/h3>\r\n\t\t\t\t<span class=\"testi-title\">Green Teknik<\/span>\r\n\t\t\t<\/a><div class=\"tab-pane tab-text animated flipInX in \">\r\n\t\t\t<div class=\"testi-content\">\r\n\t\t\t  <p> Siz de\u011ferli m\u00fc\u015fterilerimiz de\u011ferli yorumlar\u0131n\u0131 \u00e7ok yak\u0131nda burada di\u011fer m\u00fc\u015fterilerimiz ile payla\u015faca\u011f\u0131z.<\/p>\r\n\t\t\t<\/div>\r\n\t\t<\/div><\/div><div class=\"testi-item col-md-4\">\r\n\t\t\t<a data-toggle=\"tab\" href=\"#tab4\">\r\n\t\t\t\t<div class=\"testi-img\">\r\n\t\t\t\t\t<img decoding=\"async\" src=\"https:\/\/grteknik.com\/wp-content\/uploads\/2017\/11\/ekip.jpg\" alt=\"Client Image\">\r\n\t\t\t\t<\/div>\r\n\t\t\t\t<h3 class=\"testi-name\">Ad\u0131 ve Soyad\u0131<\/h3>\r\n\t\t\t\t<span class=\"testi-title\">Green Teknik<\/span>\r\n\t\t\t<\/a><div class=\"tab-pane tab-text animated flipInX in \">\r\n\t\t\t<div class=\"testi-content\">\r\n\t\t\t  <p> Siz de\u011ferli m\u00fc\u015fterilerimiz de\u011ferli yorumlar\u0131n\u0131 \u00e7ok yak\u0131nda burada di\u011fer m\u00fc\u015fterilerimiz ile payla\u015faca\u011f\u0131z.<\/p>\r\n\t\t\t<\/div>\r\n\t\t<\/div><\/div><\/div><\/div>\r\n<\/div>[\/vc_column][\/vc_row]<\/p>\n","protected":false},"excerpt":{"rendered":"<p>[vc_row full_width=&#8221;stretch_row&#8221; css=&#8221;.vc_custom_1515065251475{padding-top: 65px !important;padding-bottom: 65px !important;background-color: #f9f9f9 !important;}&#8221; el_id=&#8221;rs-about&#8221; el_class=&#8221;rs-about&#8221;][vc_column width=&#8221;5\/12&#8243;][vc_single_image image=&#8221;2071&#8243; img_size=&#8221;full&#8221;][\/vc_column][vc_column width=&#8221;7\/12&#8243; css=&#8221;.vc_custom_1510139637609{padding-left: 30px !important;}&#8221;][vc_column_text css=&#8221;.vc_custom_1642239178743{padding-top: 35px&#8230;<\/p>\n","protected":false},"author":1,"featured_media":0,"parent":0,"menu_order":0,"comment_status":"closed","ping_status":"closed","template":"","meta":{"_monsterinsights_skip_tracking":false,"_monsterinsights_sitenote_active":false,"_monsterinsights_sitenote_note":"","_monsterinsights_sitenote_category":0,"footnotes":""},"class_list":["post-1944","page","type-page","status-publish","hentry"],"_links":{"self":[{"href":"https:\/\/grteknik.com\/index.php?rest_route=\/wp\/v2\/pages\/1944","targetHints":{"allow":["GET"]}}],"collection":[{"href":"https:\/\/grteknik.com\/index.php?rest_route=\/wp\/v2\/pages"}],"about":[{"href":"https:\/\/grteknik.com\/index.php?rest_route=\/wp\/v2\/types\/page"}],"author":[{"embeddable":true,"href":"https:\/\/grteknik.com\/index.php?rest_route=\/wp\/v2\/users\/1"}],"replies":[{"embeddable":true,"href":"https:\/\/grteknik.com\/index.php?rest_route=%2Fwp%2Fv2%2Fcomments&post=1944"}],"version-history":[{"count":14,"href":"https:\/\/grteknik.com\/index.php?rest_route=\/wp\/v2\/pages\/1944\/revisions"}],"predecessor-version":[{"id":3732,"href":"https:\/\/grteknik.com\/index.php?rest_route=\/wp\/v2\/pages\/1944\/revisions\/3732"}],"wp:attachment":[{"href":"https:\/\/grteknik.com\/index.php?rest_route=%2Fwp%2Fv2%2Fmedia&parent=1944"}],"curies":[{"name":"wp","href":"https:\/\/api.w.org\/{rel}","templated":true}]}}